{"id":2193,"date":"2019-02-28T13:07:29","date_gmt":"2019-02-28T13:07:29","guid":{"rendered":"http:\/\/new.afiprofamilia.ro\/?page_id=6"},"modified":"2022-04-20T17:18:12","modified_gmt":"2022-04-20T17:18:12","slug":"food-blog-home","status":"publish","type":"page","link":"https:\/\/afiprofamilia.ro\/","title":{"rendered":"Home"},"content":{"rendered":"<div class=\"fusion-fullwidth fullwidth-box fusion-builder-row-1 nonhundred-percent-fullwidth non-hundred-percent-height-scrolling\" style=\"--awb-border-sizes-top:0px;--awb-border-sizes-bottom:0px;--awb-border-sizes-left:0px;--awb-border-sizes-right:0px;--awb-border-style:dotted;--awb-border-radius-top-left:0px;--awb-border-radius-top-right:0px;--awb-border-radius-bottom-right:0px;--awb-border-radius-bottom-left:0px;--awb-padding-top:50px;--awb-padding-bottom:4%;--awb-background-color:rgba(255,255,255,0);\" ><div class=\"fusion-builder-row fusion-row\"><div class=\"fusion-layout-column fusion_builder_column fusion-builder-column-0 fusion_builder_column_1_1 1_1 fusion-one-full fusion-column-first fusion-column-last\" style=\"--awb-padding-bottom:25px;--awb-bg-size:cover;\"><div class=\"fusion-column-wrapper fusion-column-has-shadow fusion-flex-column-wrapper-legacy\"><div class=\"fusion-title title fusion-title-1 fusion-sep-none fusion-title-center fusion-title-text fusion-title-size-two\"><h2 class=\"title-heading-center fusion-responsive-typography-calculated\" style=\"margin:0;--fontSize:21;--minFontSize:21;line-height:1.61;\">Bine a\u0163i venit pe site-ul Asocia\u0163iei A.F.I-PROFAMILIA!<\/h2><\/div><div class=\"fusion-text fusion-text-1\"><p style=\"font-weight: 400;\">\u00a0 \u00a0 \u00a0Asocia\u021bia A.F.I. ProFamilia, este o organiza\u021bie neguvernamental\u0103, \u00eenfiin\u021bat\u0103 \u00een anul 1996, a c\u0103rui scop const\u0103 \u00een sprijinirea psiho-social\u0103, juridic\u0103, medical\u0103 \u0219i material\u0103 a persoanelor vulnerabile\u00a0 \u00een special a victimelor violen\u021bei \u00een familie (femei, copii, b\u0103tr\u00e2ni).<\/p>\n<p style=\"font-weight: 400;\">\u00a0 \u00a0 \u00a0\u00cen condi\u021biile \u00een care, la fiecare 30 de secunde \u00een Rom\u00e2nia, o femeie este b\u0103tut\u0103 de partenerul\u00a0\u00a0ei,\u00a0\u00a0iar 3 din 10 rom\u00e2nce declar\u0103, c\u0103 au fost agresate fizic, verbal sau psihic \u00eencep\u00e2nd cu v\u00e2rsta de 15 ani, iar 1 din 5 este omor\u00e2t\u0103, fenomenul violen\u021bei domestice, \u00een Rom\u00e2nia este\u00a0\u00a0mai mult dec\u00e2t \u00eengrjor\u0103tor.<\/p>\n<p style=\"font-weight: 400;\">\u00a0 \u00a0 \u00a0De la \u00eenfiin\u021bare, din anul 1996, organiza\u021bia noastr\u0103 a acordat asisten\u021b\u0103 unui num\u0103r\u00a0\u00a0de peste 4.200 de persoane \u00een cadrul Centrului de Prevenire, Informare \u0219i Consiliere pentru Victimele Violen\u021bei \u00een Familie,\u00a0 situat la Punctul de Lucru \u00een Bistri\u021ba, str. Nicolae Titulescu, nr.21, jud. Bistri\u021ba-N\u0103s\u0103ud, acreditat de M.M.J.S.<\/p>\n<p style=\"font-weight: 400;\">\u00a0 \u00a0 \u00a0Pe l\u00e2ng\u0103 aceste activit\u0103\u021bi, organiza\u021bia noastr\u0103 a ob\u021binut 27 atestate de produse tradi\u021bionale \u0219i 26 de atestate produse montane.<\/p>\n<p>\u00a0 \u00a0 \u00a0Ne preg\u0103tim s\u0103 ob\u021binem pentru produsul POVILA DE B\u00c2RG\u0102U atestat ca Indica\u021bie Geografic\u0103 Protejat\u0103 I.G.P. de la Uniunea European\u0103.<\/p>\n<\/div><div class=\"fusion-clearfix\"><\/div><\/div><\/div><\/div><\/div>\n","protected":false},"excerpt":{"rendered":"","protected":false},"author":1,"featured_media":0,"parent":0,"menu_order":0,"comment_status":"closed","ping_status":"closed","template":"100-width.php","meta":[],"_links":{"self":[{"href":"https:\/\/afiprofamilia.ro\/index.php\/wp-json\/wp\/v2\/pages\/2193"}],"collection":[{"href":"https:\/\/afiprofamilia.ro\/index.php\/wp-json\/wp\/v2\/pages"}],"about":[{"href":"https:\/\/afiprofamilia.ro\/index.php\/wp-json\/wp\/v2\/types\/page"}],"author":[{"embeddable":true,"href":"https:\/\/afiprofamilia.ro\/index.php\/wp-json\/wp\/v2\/users\/1"}],"replies":[{"embeddable":true,"href":"https:\/\/afiprofamilia.ro\/index.php\/wp-json\/wp\/v2\/comments?post=2193"}],"version-history":[{"count":45,"href":"https:\/\/afiprofamilia.ro\/index.php\/wp-json\/wp\/v2\/pages\/2193\/revisions"}],"predecessor-version":[{"id":2697,"href":"https:\/\/afiprofamilia.ro\/index.php\/wp-json\/wp\/v2\/pages\/2193\/revisions\/2697"}],"wp:attachment":[{"href":"https:\/\/afiprofamilia.ro\/index.php\/wp-json\/wp\/v2\/media?parent=2193"}],"curies":[{"name":"wp","href":"https:\/\/api.w.org\/{rel}","templated":true}]}}